{"id":14,"date":"2021-09-11T09:32:15","date_gmt":"2021-09-11T07:32:15","guid":{"rendered":"http:\/\/cabinki.cluster028.hosting.ovh.net\/?page_id=14"},"modified":"2021-12-20T10:29:06","modified_gmt":"2021-12-20T09:29:06","slug":"nos-services","status":"publish","type":"page","link":"https:\/\/cabinetveterinaireacupuncture.be\/index.php\/nos-services\/","title":{"rendered":"Mes services"},"content":{"rendered":"\t\t<div data-elementor-type=\"wp-page\" data-elementor-id=\"14\" class=\"elementor elementor-14\" data-elementor-settings=\"[]\">\n\t\t\t\t\t\t\t<div class=\"elementor-section-wrap\">\n\t\t\t\t\t\t\t<section class=\"elementor-section elementor-top-section elementor-element elementor-element-7c17017 elementor-section-boxed elementor-section-height-default elementor-section-height-default\" data-id=\"7c17017\" data-element_type=\"section\">\n\t\t\t\t\t\t<div class=\"elementor-container elementor-column-gap-default\">\n\t\t\t\t\t<div class=\"elementor-column elementor-col-100 elementor-top-column elementor-element elementor-element-16ad8c21\" data-id=\"16ad8c21\" data-element_type=\"column\">\n\t\t\t<div class=\"elementor-widget-wrap elementor-element-populated\">\n\t\t\t\t\t\t\t\t<div class=\"elementor-element elementor-element-4e60557 elementor-widget__width-inherit elementor-widget elementor-widget-image\" data-id=\"4e60557\" data-element_type=\"widget\" data-widget_type=\"image.default\">\n\t\t\t\t<div class=\"elementor-widget-container\">\n\t\t\t\t\t\t\t\t\t\t\t\t\t\t\t<img src=\"https:\/\/cabinetveterinaireacupuncture.be\/wp-content\/uploads\/elementor\/thumbs\/james-sutton-dQ5G0h7sLno-unsplash-scaled-pdjln4agoymfe1kdnzpvot3mo1aets2r5m0qkor99c.jpg\" title=\"james-sutton-dQ5G0h7sLno-unsplash\" alt=\"james-sutton-dQ5G0h7sLno-unsplash\" \/>\t\t\t\t\t\t\t\t\t\t\t\t\t\t\t<\/div>\n\t\t\t\t<\/div>\n\t\t\t\t<div class=\"elementor-element elementor-element-7b3a47a elementor-widget elementor-widget-heading\" data-id=\"7b3a47a\" data-element_type=\"widget\" data-widget_type=\"heading.default\">\n\t\t\t\t<div class=\"elementor-widget-container\">\n\t\t\t<h2 class=\"elementor-heading-title elementor-size-default\">Mes services<\/h2>\t\t<\/div>\n\t\t\t\t<\/div>\n\t\t\t\t<div class=\"elementor-element elementor-element-4ee1d772 elementor-widget elementor-widget-text-editor\" data-id=\"4ee1d772\" data-element_type=\"widget\" data-widget_type=\"text-editor.default\">\n\t\t\t\t<div class=\"elementor-widget-container\">\n\t\t\t\t\t\t\t\t\t\t\t\t\t<\/div>\n\t\t\t\t<\/div>\n\t\t\t\t\t<\/div>\n\t\t<\/div>\n\t\t\t\t\t\t\t<\/div>\n\t\t<\/section>\n\t\t\t\t<section class=\"elementor-section elementor-top-section elementor-element elementor-element-6f50902 elementor-section-boxed elementor-section-height-default elementor-section-height-default\" data-id=\"6f50902\" data-element_type=\"section\">\n\t\t\t\t\t\t<div class=\"elementor-container elementor-column-gap-default\">\n\t\t\t\t\t<div class=\"elementor-column elementor-col-100 elementor-top-column elementor-element elementor-element-518eddc\" data-id=\"518eddc\" data-element_type=\"column\">\n\t\t\t<div class=\"elementor-widget-wrap elementor-element-populated\">\n\t\t\t\t\t\t\t\t<div class=\"elementor-element elementor-element-fac2a98 elementor-widget elementor-widget-text-editor\" data-id=\"fac2a98\" data-element_type=\"widget\" data-widget_type=\"text-editor.default\">\n\t\t\t\t<div class=\"elementor-widget-container\">\n\t\t\t\t\t\t\t<p>En tant que m\u00e9decin v\u00e9t\u00e9rinaire pour petits animaux, soucieuse du bien-\u00eatre de votre compagnon, j\u2019assure des consultations de <strong>m\u00e9decine classique<\/strong>\u00a0et\u00a0<strong>d\u2019acupuncture<\/strong>.<\/p><p>Les consultations de\u00a0<strong>m\u00e9decine classique<\/strong> comprennent :<\/p><ul><li>le diagnostic des affections aig\u00fces et chroniques ainsi que leur traitement<\/li><li>les diverses vaccinations<\/li><li>l\u2019identification et l\u2019enregistrement<\/li><li>les d\u00e9tartrages \u00e0 l&rsquo;ultrason<\/li><li>la chirurgie des tissus mous<\/li><li>les st\u00e9rilisations<\/li><li>les prises de sang<\/li><li>les \u00e9chographies<\/li><li>les conseils alimentaires<\/li><li>les soins pr\u00e9ventifs \u00e0 raison d\u2019une visite par an<\/li><\/ul>\t\t\t\t\t\t<\/div>\n\t\t\t\t<\/div>\n\t\t\t\t\t<\/div>\n\t\t<\/div>\n\t\t\t\t\t\t\t<\/div>\n\t\t<\/section>\n\t\t\t\t\t\t<\/div>\n\t\t\t\t\t<\/div>\n\t\t","protected":false},"excerpt":{"rendered":"<p>Mes services En tant que m\u00e9decin v\u00e9t\u00e9rinaire pour petits animaux, soucieuse du bien-\u00eatre de votre compagnon, j\u2019assure des consultations de m\u00e9decine classique\u00a0et\u00a0d\u2019acupuncture. Les consultations de\u00a0m\u00e9decine classique comprennent : le diagnostic des affections aig\u00fces et chroniques ainsi que leur traitement les diverses vaccinations l\u2019identification et l\u2019enregistrement les d\u00e9tartrages \u00e0 l&rsquo;ultrason la chirurgie des tissus mous les&#8230;<\/p>\n","protected":false},"author":1,"featured_media":0,"parent":0,"menu_order":0,"comment_status":"closed","ping_status":"closed","template":"","meta":{"_kad_post_transparent":"","_kad_post_title":"","_kad_post_layout":"","_kad_post_sidebar_id":"","_kad_post_content_style":"","_kad_post_vertical_padding":"","_kad_post_feature":"","_kad_post_feature_position":"","_kad_post_header":false,"_kad_post_footer":false},"_links":{"self":[{"href":"https:\/\/cabinetveterinaireacupuncture.be\/index.php\/wp-json\/wp\/v2\/pages\/14"}],"collection":[{"href":"https:\/\/cabinetveterinaireacupuncture.be\/index.php\/wp-json\/wp\/v2\/pages"}],"about":[{"href":"https:\/\/cabinetveterinaireacupuncture.be\/index.php\/wp-json\/wp\/v2\/types\/page"}],"author":[{"embeddable":true,"href":"https:\/\/cabinetveterinaireacupuncture.be\/index.php\/wp-json\/wp\/v2\/users\/1"}],"replies":[{"embeddable":true,"href":"https:\/\/cabinetveterinaireacupuncture.be\/index.php\/wp-json\/wp\/v2\/comments?post=14"}],"version-history":[{"count":54,"href":"https:\/\/cabinetveterinaireacupuncture.be\/index.php\/wp-json\/wp\/v2\/pages\/14\/revisions"}],"predecessor-version":[{"id":519,"href":"https:\/\/cabinetveterinaireacupuncture.be\/index.php\/wp-json\/wp\/v2\/pages\/14\/revisions\/519"}],"wp:attachment":[{"href":"https:\/\/cabinetveterinaireacupuncture.be\/index.php\/wp-json\/wp\/v2\/media?parent=14"}],"curies":[{"name":"wp","href":"https:\/\/api.w.org\/{rel}","templated":true}]}}